{"id":14853,"date":"2025-11-21T18:45:35","date_gmt":"2025-11-21T18:45:35","guid":{"rendered":"https:\/\/aipraktikum.com\/?page_id=14853"},"modified":"2025-11-25T12:17:41","modified_gmt":"2025-11-25T12:17:41","slug":"vecerai","status":"publish","type":"page","link":"https:\/\/aipraktikum.com\/en\/vecerai\/","title":{"rendered":"Ve\u010derAI"},"content":{"rendered":"<div data-elementor-type=\"wp-page\" data-elementor-id=\"14853\" class=\"elementor elementor-14853\" data-elementor-post-type=\"page\">\n\t\t\t\t\t\t<section class=\"elementor-section elementor-top-section elementor-element elementor-element-84d6e07 elementor-section-boxed elementor-section-height-default elementor-section-height-default\" data-id=\"84d6e07\" data-element_type=\"section\" data-e-type=\"section\">\n\t\t\t\t\t\t<div class=\"elementor-container elementor-column-gap-default\">\n\t\t\t\t\t<div class=\"elementor-column elementor-col-100 elementor-top-column elementor-element elementor-element-79641cb\" data-id=\"79641cb\" data-element_type=\"column\" data-e-type=\"column\">\n\t\t\t<div class=\"elementor-widget-wrap elementor-element-populated\">\n\t\t\t\t\t\t<div class=\"elementor-element elementor-element-30b1287 elementor-widget elementor-widget-aiero_heading\" data-id=\"30b1287\" data-element_type=\"widget\" data-e-type=\"widget\" data-widget_type=\"aiero_heading.default\">\n\t\t\t\t<div class=\"elementor-widget-container\">\n\t\t\t\t\t<div class=\"aiero-heading-widget\"><h2 class=\"aiero-heading\"><span class=\"aiero-heading-content has_gradient_color_text\">Vino, ve\u010dera i umjetna inteligencija u praksi za poduzetnike<\/span><\/h2><\/div>\t\t\t\t<\/div>\n\t\t\t\t<\/div>\n\t\t\t\t<div class=\"elementor-element elementor-element-283dd24 elementor-widget elementor-widget-text-editor\" data-id=\"283dd24\" data-element_type=\"widget\" data-e-type=\"widget\" data-widget_type=\"text-editor.default\">\n\t\t\t\t\t\t\t\t\t<h4 data-pm-slice=\"1 1 []\">Ekskluzivna ve\u010der za 12\u201315 poduzetnika koji \u017eele prestati kasniti za AI revolucijom.<\/h4>\t\t\t\t\t\t\t\t<\/div>\n\t\t\t\t<div class=\"elementor-element elementor-element-a4c8bca elementor-widget elementor-widget-image\" data-id=\"a4c8bca\" data-element_type=\"widget\" data-e-type=\"widget\" data-widget_type=\"image.default\">\n\t\t\t\t\t\t\t\t\t\t\t\t\t\t\t<img fetchpriority=\"high\" decoding=\"async\" width=\"1024\" height=\"538\" src=\"https:\/\/aipraktikum.com\/wp-content\/uploads\/2025\/11\/VecerAI-landscape-1024x538.jpg\" class=\"attachment-large size-large wp-image-14887\" alt=\"\" srcset=\"https:\/\/aipraktikum.com\/wp-content\/uploads\/2025\/11\/VecerAI-landscape-1024x538.jpg 1024w, https:\/\/aipraktikum.com\/wp-content\/uploads\/2025\/11\/VecerAI-landscape-300x158.jpg 300w, https:\/\/aipraktikum.com\/wp-content\/uploads\/2025\/11\/VecerAI-landscape-768x403.jpg 768w, https:\/\/aipraktikum.com\/wp-content\/uploads\/2025\/11\/VecerAI-landscape.jpg 1200w\" sizes=\"(max-width: 1024px) 100vw, 1024px\" \/>\t\t\t\t\t\t\t\t\t\t\t\t\t\t\t<\/div>\n\t\t\t\t\t<\/div>\n\t\t<\/div>\n\t\t\t\t\t<\/div>\n\t\t<\/section>\n\t\t\t\t<section class=\"elementor-section elementor-top-section elementor-element elementor-element-c091413 elementor-section-boxed elementor-section-height-default elementor-section-height-default\" data-id=\"c091413\" data-element_type=\"section\" data-e-type=\"section\">\n\t\t\t\t\t\t<div class=\"elementor-container elementor-column-gap-default\">\n\t\t\t\t\t<div class=\"elementor-column elementor-col-100 elementor-top-column elementor-element elementor-element-3c37d1f\" data-id=\"3c37d1f\" data-element_type=\"column\" data-e-type=\"column\">\n\t\t\t<div class=\"elementor-widget-wrap elementor-element-populated\">\n\t\t\t\t\t\t<div class=\"elementor-element elementor-element-2ec3be0 elementor-widget elementor-widget-text-editor\" data-id=\"2ec3be0\" data-element_type=\"widget\" data-e-type=\"widget\" data-widget_type=\"text-editor.default\">\n\t\t\t\t\t\t\t\t\t<h3 data-pm-slice=\"1 1 []\">Problem<\/h3><p>Danas <strong>svi<\/strong> pri\u010daju o umjetnoj inteligenciji.<br \/>Ali dok ti radi\u0161 isti posao na isti na\u010din, tvoji konkurenti ve\u0107 testiraju alate koji im \u0161tede sate rada i donose vi\u0161e prodaje.<\/p><p>Ako:<\/p><ul data-spread=\"false\"><li><p>zna\u0161 da bi trebao po\u010deti koristiti AI, ali ne zna\u0161 odakle krenuti,<\/p><\/li><li><p>nema\u0161 vremena gledati sate tutorijala na YouTubeu,<\/p><\/li><li><p>\u017eeli\u0161 da ti netko na ljudskom jeziku objasni \u0161to vrijedi, a \u0161to je hype,<\/p><\/li><\/ul><p>onda je <strong>Ve\u010derAI<\/strong> napravljen ba\u0161 za tebe.<\/p><h3>Rje\u0161enje: Ve\u010derAI<\/h3><p>Ve\u010derAI je ekskluzivna ve\u010der za mali broj poduzetnika gdje u opu\u0161tenoj atmosferi dobiva\u0161:<\/p><ul data-spread=\"false\"><li><p>3 sata konkretne AI edukacije bez tehni\u010dkog \u017eargona,<\/p><\/li><li><p>live demonstracije alata koje mo\u017ee\u0161 odmah koristiti,<\/p><\/li><li><p>AI Cheat Sheet i plan za 30 dana,<\/p><\/li><li><p>priliku da postavi\u0161 pitanja za svoj konkretan biznis,<\/p><\/li><li><p>networking s ljudima koji razmi\u0161ljaju kao ti.<\/p><\/li><\/ul><p>Sve to uz dobru ve\u010deru i \u010da\u0161u vina.<\/p><h3>\u0160to \u0107e\u0161 nau\u010diti<\/h3><p>Na Ve\u010derAI \u0107e\u0161:<\/p><ul data-spread=\"false\"><li><p>razumjeti \u0161to je dana\u0161nji AI i za\u0161to vi\u0161e nije &#8220;igra\u010dka&#8221; nego poslovni alat,<\/p><\/li><li><p>vidjeti kako ChatGPT mo\u017ee postati tvoj osobni poslovni asistent,<\/p><\/li><li><p>nau\u010diti kako u par minuta uz AI napraviti objavu za dru\u0161tvene mre\u017ee,<\/p><\/li><li><p>vidjeti kako se mogu automatizirati dosadni, ponavljaju\u0107i zadaci,<\/p><\/li><li><p>dobiti jasnu sliku kako tvoj biznis mo\u017ee izgledati za 6 mjeseci s AI-jem.<\/p><\/li><\/ul><h3>Za koga je Ve\u010derAI<\/h3><p>Ve\u010derAI je za tebe ako si:<\/p><ul data-spread=\"false\"><li><p>vlasnik malog ili srednjeg poduze\u0107a,<\/p><\/li><li><p>freelancer ili konzultant koji radi s klijentima,<\/p><\/li><li><p>voditelj marketinga ili prodaje,<\/p><\/li><li><p>poduzetnik koji \u017eeli konkretne primjere, a ne teoriju.<\/p><\/li><\/ul><p>Nije za tebe ako:<\/p><ul data-spread=\"false\"><li><p>ne \u017eeli\u0161 mijenjati ni\u0161ta u svom poslovanju,<\/p><\/li><li><p>tra\u017ei\u0161 jeftin online webinar bez interakcije,<\/p><\/li><li><p>misli\u0161 da \u0107e sve ostati isto i bez AI-ja.<\/p><\/li><\/ul><h3>\u0160to dobiva\u0161<\/h3><p>U cijeni od 70 \u20ac dobiva\u0161:<\/p><ul data-spread=\"false\"><li><p>sudjelovanje na Ve\u010derAI (3 sata),<\/p><\/li><li><p>ve\u010deru i \u010da\u0161u vina u odabranom restoranu,<\/p><\/li><li><p>AI Cheat Sheet \u2013 najva\u017enije formule i pojmove,<\/p><\/li><li><p>AI Plan za 30 dana za tvoj biznis,<\/p><\/li><li><p>priliku za povla\u0161teni 1:1 termin s Darkom za izradu AI plana.<\/p><\/li><\/ul><h3>Lokacija i vrijeme<\/h3><p>Bulart bar, Ulica Franje kuha\u010da 4, 3100 Osijek (Tvr\u0111a).<br \/>Od 18 do 21 sat<\/p><h3 style=\"font-weight: 400;\"><strong>Meni Ve\u010derAI<br \/><\/strong><\/h3><p style=\"font-weight: 400;\"><strong>Predjelo<\/strong><br \/><strong>Pile\u0107a pa\u0161teta<\/strong><br \/>poslu\u017eena s prepe\u010denim kruhom i tanjur\u010di\u0107em doma\u0107e marmelade<br \/><strong>Uparivanje vina:<\/strong>\u00a0<em>La Bella Perla \u2013 Belje<\/em><\/p><p style=\"font-weight: 400;\"><strong>Glavno jelo<\/strong><br \/><strong>June\u0107a rolada punjena povr\u0107em i sirom<\/strong><br \/>uz kremasti krumpir i umak od pe\u010denja<br \/><strong>Uparivanje vina:<\/strong>\u00a0<em>Korlat Syrah<\/em><\/p><p style=\"font-weight: 400;\"><strong>Desert<\/strong><br \/><strong>Lava cake<\/strong><br \/>topli \u010dokoladni kola\u010d sa sladoledom od vanilije<br \/><strong>Uparivanje vina:<\/strong>\u00a0<em>Josi\u0107 Ros\u00e9<\/em><\/p><h3>Cijena i broj mjesta<\/h3><p><strong>Cijena:<\/strong>\u00a070 \u20ac po osobi<br \/><strong>Broj mjesta:<\/strong> ograni\u010deno na 15 -20 sudionika<\/p><p>Kad se mjesta popune, lista se zatvara.<\/p><h3>Predava\u010d: <a href=\"https:\/\/aipraktikum.com\/en\/team\/darko-bilandzic\/\">Darko Biland\u017ei\u0107<\/a><\/h3><h4><span style=\"font-weight: 400;\">Rezervacije putem linkova:<\/span><\/h4><h4><span style=\"font-weight: 400;\">Single \u2013 70 \u20ac\u00a0<\/span><a href=\"https:\/\/buy.stripe.com\/7sY8wP6SA53A4tF1Sr6Zy02\"><span style=\"font-weight: 400;\">https:\/\/buy.stripe.com\/7sY8wP6SA53A4tF1Sr6Zy02<\/span><span style=\"font-weight: 400;\"><br \/><\/span><\/a><span style=\"font-weight: 400;\"> Duo \u2013 120 \u20ac <\/span><a href=\"https:\/\/buy.stripe.com\/fZu7sL90IeEa0dp40z6Zy03\"><span style=\"font-weight: 400;\">\u00a0 \u00a0https:\/\/buy.stripe.com\/fZu7sL90IeEa0dp40z6Zy03<\/span><\/a><\/h4><h4><span style=\"font-weight: 400;\">Ako \u017eelite ve\u010der koja je istovremeno korisna, zanimljiva i druga\u010dija \u2013 ovo je to.<\/span><\/h4>\t\t\t\t\t\t\t\t<\/div>\n\t\t\t\t\t<\/div>\n\t\t<\/div>\n\t\t\t\t\t<\/div>\n\t\t<\/section>\n\t\t\t\t<section class=\"elementor-section elementor-top-section elementor-element elementor-element-167e1ca elementor-section-boxed elementor-section-height-default elementor-section-height-default\" data-id=\"167e1ca\" data-element_type=\"section\" data-e-type=\"section\">\n\t\t\t\t\t\t<div class=\"elementor-container elementor-column-gap-default\">\n\t\t\t\t\t<div class=\"elementor-column elementor-col-50 elementor-top-column elementor-element elementor-element-dc8755e\" data-id=\"dc8755e\" data-element_type=\"column\" data-e-type=\"column\">\n\t\t\t<div class=\"elementor-widget-wrap elementor-element-populated\">\n\t\t\t\t\t\t<div class=\"elementor-element elementor-element-225a523 elementor-widget elementor-widget-image\" data-id=\"225a523\" data-element_type=\"widget\" data-e-type=\"widget\" data-widget_type=\"image.default\">\n\t\t\t\t\t\t\t\t\t\t\t\t\t\t\t<img decoding=\"async\" width=\"940\" height=\"788\" src=\"https:\/\/aipraktikum.com\/wp-content\/uploads\/2025\/11\/VecerAI-Stripe-SIngle.png\" class=\"attachment-large size-large wp-image-14882\" alt=\"Ve\u010derAI cijena za jednu osobu\" srcset=\"https:\/\/aipraktikum.com\/wp-content\/uploads\/2025\/11\/VecerAI-Stripe-SIngle.png 940w, https:\/\/aipraktikum.com\/wp-content\/uploads\/2025\/11\/VecerAI-Stripe-SIngle-300x251.png 300w, https:\/\/aipraktikum.com\/wp-content\/uploads\/2025\/11\/VecerAI-Stripe-SIngle-768x644.png 768w\" sizes=\"(max-width: 940px) 100vw, 940px\" \/>\t\t\t\t\t\t\t\t\t\t\t\t\t\t\t<\/div>\n\t\t\t\t\t<\/div>\n\t\t<\/div>\n\t\t\t\t<div class=\"elementor-column elementor-col-50 elementor-top-column elementor-element elementor-element-4463298\" data-id=\"4463298\" data-element_type=\"column\" data-e-type=\"column\">\n\t\t\t<div class=\"elementor-widget-wrap elementor-element-populated\">\n\t\t\t\t\t\t<div class=\"elementor-element elementor-element-9adfc70 elementor-widget elementor-widget-image\" data-id=\"9adfc70\" data-element_type=\"widget\" data-e-type=\"widget\" data-widget_type=\"image.default\">\n\t\t\t\t\t\t\t\t\t\t\t\t\t\t\t<img decoding=\"async\" width=\"940\" height=\"788\" src=\"https:\/\/aipraktikum.com\/wp-content\/uploads\/2025\/11\/VecerAI-Stripe-DUO.png\" class=\"attachment-large size-large wp-image-14883\" alt=\"Ve\u010derAI cijena za dvije osobe\" srcset=\"https:\/\/aipraktikum.com\/wp-content\/uploads\/2025\/11\/VecerAI-Stripe-DUO.png 940w, https:\/\/aipraktikum.com\/wp-content\/uploads\/2025\/11\/VecerAI-Stripe-DUO-300x251.png 300w, https:\/\/aipraktikum.com\/wp-content\/uploads\/2025\/11\/VecerAI-Stripe-DUO-768x644.png 768w\" sizes=\"(max-width: 940px) 100vw, 940px\" \/>\t\t\t\t\t\t\t\t\t\t\t\t\t\t\t<\/div>\n\t\t\t\t\t<\/div>\n\t\t<\/div>\n\t\t\t\t\t<\/div>\n\t\t<\/section>\n\t\t\t\t<\/div>","protected":false},"excerpt":{"rendered":"<p>Ekskluzivna ve\u010der za 12\u201315 poduzetnika koji \u017eele prestati kasniti za AI revolucijom. Problem Danas svi pri\u010daju o umjetnoj inteligenciji.Ali dok ti radi\u0161 isti posao na isti na\u010din, tvoji konkurenti ve\u0107 testiraju alate koji im \u0161tede sate rada i donose vi\u0161e prodaje&#8230;.<\/p>","protected":false},"author":1,"featured_media":14887,"parent":0,"menu_order":0,"comment_status":"closed","ping_status":"closed","template":"","meta":{"_yoast_wpseo_focuskw":"ve\u010derai ai edukacija","_yoast_wpseo_title":"","_yoast_wpseo_metadesc":"Ve\u010derAI u Bulartu: ve\u010dera, AI primjeri, savjeti za tvoj biznis i networking s poduzetnicima. Broj mjesta je ograni\u010den \u2013 osiguraj svoje.","footnotes":""},"class_list":["post-14853","page","type-page","status-publish","has-post-thumbnail","hentry"],"yoast_head":"<!-- This site is optimized with the Yoast SEO plugin v27.5 - https:\/\/yoast.com\/product\/yoast-seo-wordpress\/ -->\n<title>Ve\u010derAI - AI PRAKTIKUM<\/title>\n<meta name=\"description\" content=\"Ve\u010derAI u Bulartu: ve\u010dera, AI primjeri, savjeti za tvoj biznis i networking s poduzetnicima. Broj mjesta je ograni\u010den \u2013 osiguraj svoje.\" \/>\n<meta name=\"robots\" content=\"index, follow, max-snippet:-1, max-image-preview:large, max-video-preview:-1\" \/>\n<link rel=\"canonical\" href=\"https:\/\/aipraktikum.com\/en\/vecerai\/\" \/>\n<meta property=\"og:locale\" content=\"en_GB\" \/>\n<meta property=\"og:type\" content=\"article\" \/>\n<meta property=\"og:title\" content=\"Ve\u010derAI \u2013 Ve\u010der uz AI i vrhunsku hranu u Bulartu\" \/>\n<meta property=\"og:description\" content=\"AI ve\u010der u Bulartu za poduzetnike koji \u017eele biti korak ispred. Vrhunska hrana, prakti\u010dni AI primjeri i networking. Ograni\u010den broj mjesta \u2013 prijavi se sada.\" \/>\n<meta property=\"og:url\" content=\"https:\/\/aipraktikum.com\/en\/vecerai\/\" \/>\n<meta property=\"og:site_name\" content=\"AI PRAKTIKUM\" \/>\n<meta property=\"article:modified_time\" content=\"2025-11-25T12:17:41+00:00\" \/>\n<meta property=\"og:image\" content=\"https:\/\/aipraktikum.com\/wp-content\/uploads\/2025\/11\/VecerAI-landscape.jpg\" \/>\n\t<meta property=\"og:image:width\" content=\"1200\" \/>\n\t<meta property=\"og:image:height\" content=\"630\" \/>\n\t<meta property=\"og:image:type\" content=\"image\/jpeg\" \/>\n<meta name=\"twitter:card\" content=\"summary_large_image\" \/>\n<meta name=\"twitter:label1\" content=\"Estimated reading time\" \/>\n\t<meta name=\"twitter:data1\" content=\"1 minute\" \/>\n<script type=\"application\/ld+json\" class=\"yoast-schema-graph\">{\"@context\":\"https:\\\/\\\/schema.org\",\"@graph\":[{\"@type\":\"WebPage\",\"@id\":\"https:\\\/\\\/aipraktikum.com\\\/vecerai\\\/\",\"url\":\"https:\\\/\\\/aipraktikum.com\\\/vecerai\\\/\",\"name\":\"Ve\u010derAI - AI PRAKTIKUM\",\"isPartOf\":{\"@id\":\"https:\\\/\\\/aipraktikum.com\\\/#website\"},\"primaryImageOfPage\":{\"@id\":\"https:\\\/\\\/aipraktikum.com\\\/vecerai\\\/#primaryimage\"},\"image\":{\"@id\":\"https:\\\/\\\/aipraktikum.com\\\/vecerai\\\/#primaryimage\"},\"thumbnailUrl\":\"https:\\\/\\\/aipraktikum.com\\\/wp-content\\\/uploads\\\/2025\\\/11\\\/VecerAI-landscape.jpg\",\"datePublished\":\"2025-11-21T18:45:35+00:00\",\"dateModified\":\"2025-11-25T12:17:41+00:00\",\"description\":\"Ve\u010derAI u Bulartu: ve\u010dera, AI primjeri, savjeti za tvoj biznis i networking s poduzetnicima. Broj mjesta je ograni\u010den \u2013 osiguraj svoje.\",\"breadcrumb\":{\"@id\":\"https:\\\/\\\/aipraktikum.com\\\/vecerai\\\/#breadcrumb\"},\"inLanguage\":\"en-GB\",\"potentialAction\":[{\"@type\":\"ReadAction\",\"target\":[\"https:\\\/\\\/aipraktikum.com\\\/vecerai\\\/\"]}]},{\"@type\":\"ImageObject\",\"inLanguage\":\"en-GB\",\"@id\":\"https:\\\/\\\/aipraktikum.com\\\/vecerai\\\/#primaryimage\",\"url\":\"https:\\\/\\\/aipraktikum.com\\\/wp-content\\\/uploads\\\/2025\\\/11\\\/VecerAI-landscape.jpg\",\"contentUrl\":\"https:\\\/\\\/aipraktikum.com\\\/wp-content\\\/uploads\\\/2025\\\/11\\\/VecerAI-landscape.jpg\",\"width\":1200,\"height\":630},{\"@type\":\"BreadcrumbList\",\"@id\":\"https:\\\/\\\/aipraktikum.com\\\/vecerai\\\/#breadcrumb\",\"itemListElement\":[{\"@type\":\"ListItem\",\"position\":1,\"name\":\"AI\",\"item\":\"https:\\\/\\\/aipraktikum.com\\\/\"},{\"@type\":\"ListItem\",\"position\":2,\"name\":\"Ve\u010derAI\"}]},{\"@type\":\"WebSite\",\"@id\":\"https:\\\/\\\/aipraktikum.com\\\/#website\",\"url\":\"https:\\\/\\\/aipraktikum.com\\\/\",\"name\":\"AI PRAKTIKUM\",\"description\":\"Umjetna inteligencija za poduzetnike\",\"publisher\":{\"@id\":\"https:\\\/\\\/aipraktikum.com\\\/#organization\"},\"potentialAction\":[{\"@type\":\"SearchAction\",\"target\":{\"@type\":\"EntryPoint\",\"urlTemplate\":\"https:\\\/\\\/aipraktikum.com\\\/?s={search_term_string}\"},\"query-input\":{\"@type\":\"PropertyValueSpecification\",\"valueRequired\":true,\"valueName\":\"search_term_string\"}}],\"inLanguage\":\"en-GB\"},{\"@type\":\"Organization\",\"@id\":\"https:\\\/\\\/aipraktikum.com\\\/#organization\",\"name\":\"AI PRAKTIKUM\",\"url\":\"https:\\\/\\\/aipraktikum.com\\\/\",\"logo\":{\"@type\":\"ImageObject\",\"inLanguage\":\"en-GB\",\"@id\":\"https:\\\/\\\/aipraktikum.com\\\/#\\\/schema\\\/logo\\\/image\\\/\",\"url\":\"https:\\\/\\\/aipraktikum.com\\\/2026\\\/wp-content\\\/uploads\\\/2025\\\/10\\\/cropped-AI-PRAKTIKUM-512-x-512-px.png\",\"contentUrl\":\"https:\\\/\\\/aipraktikum.com\\\/2026\\\/wp-content\\\/uploads\\\/2025\\\/10\\\/cropped-AI-PRAKTIKUM-512-x-512-px.png\",\"width\":512,\"height\":512,\"caption\":\"AI PRAKTIKUM\"},\"image\":{\"@id\":\"https:\\\/\\\/aipraktikum.com\\\/#\\\/schema\\\/logo\\\/image\\\/\"},\"sameAs\":[\"https:\\\/\\\/www.tiktok.com\\\/@darkobilandzic\"]}]}<\/script>\n<!-- \/ Yoast SEO plugin. -->","yoast_head_json":{"title":"Ve\u010derAI - AI PRAKTIKUM","description":"Ve\u010derAI u Bulartu: ve\u010dera, AI primjeri, savjeti za tvoj biznis i networking s poduzetnicima. Broj mjesta je ograni\u010den \u2013 osiguraj svoje.","robots":{"index":"index","follow":"follow","max-snippet":"max-snippet:-1","max-image-preview":"max-image-preview:large","max-video-preview":"max-video-preview:-1"},"canonical":"https:\/\/aipraktikum.com\/en\/vecerai\/","og_locale":"en_GB","og_type":"article","og_title":"Ve\u010derAI \u2013 Ve\u010der uz AI i vrhunsku hranu u Bulartu","og_description":"AI ve\u010der u Bulartu za poduzetnike koji \u017eele biti korak ispred. Vrhunska hrana, prakti\u010dni AI primjeri i networking. Ograni\u010den broj mjesta \u2013 prijavi se sada.","og_url":"https:\/\/aipraktikum.com\/en\/vecerai\/","og_site_name":"AI PRAKTIKUM","article_modified_time":"2025-11-25T12:17:41+00:00","og_image":[{"width":1200,"height":630,"url":"https:\/\/aipraktikum.com\/wp-content\/uploads\/2025\/11\/VecerAI-landscape.jpg","type":"image\/jpeg"}],"twitter_card":"summary_large_image","twitter_misc":{"Estimated reading time":"1 minute"},"schema":{"@context":"https:\/\/schema.org","@graph":[{"@type":"WebPage","@id":"https:\/\/aipraktikum.com\/vecerai\/","url":"https:\/\/aipraktikum.com\/vecerai\/","name":"Ve\u010derAI - AI PRAKTIKUM","isPartOf":{"@id":"https:\/\/aipraktikum.com\/#website"},"primaryImageOfPage":{"@id":"https:\/\/aipraktikum.com\/vecerai\/#primaryimage"},"image":{"@id":"https:\/\/aipraktikum.com\/vecerai\/#primaryimage"},"thumbnailUrl":"https:\/\/aipraktikum.com\/wp-content\/uploads\/2025\/11\/VecerAI-landscape.jpg","datePublished":"2025-11-21T18:45:35+00:00","dateModified":"2025-11-25T12:17:41+00:00","description":"Ve\u010derAI u Bulartu: ve\u010dera, AI primjeri, savjeti za tvoj biznis i networking s poduzetnicima. Broj mjesta je ograni\u010den \u2013 osiguraj svoje.","breadcrumb":{"@id":"https:\/\/aipraktikum.com\/vecerai\/#breadcrumb"},"inLanguage":"en-GB","potentialAction":[{"@type":"ReadAction","target":["https:\/\/aipraktikum.com\/vecerai\/"]}]},{"@type":"ImageObject","inLanguage":"en-GB","@id":"https:\/\/aipraktikum.com\/vecerai\/#primaryimage","url":"https:\/\/aipraktikum.com\/wp-content\/uploads\/2025\/11\/VecerAI-landscape.jpg","contentUrl":"https:\/\/aipraktikum.com\/wp-content\/uploads\/2025\/11\/VecerAI-landscape.jpg","width":1200,"height":630},{"@type":"BreadcrumbList","@id":"https:\/\/aipraktikum.com\/vecerai\/#breadcrumb","itemListElement":[{"@type":"ListItem","position":1,"name":"AI","item":"https:\/\/aipraktikum.com\/"},{"@type":"ListItem","position":2,"name":"Ve\u010derAI"}]},{"@type":"WebSite","@id":"https:\/\/aipraktikum.com\/#website","url":"https:\/\/aipraktikum.com\/","name":"AI PRAKTIKUM","description":"Umjetna inteligencija za poduzetnike","publisher":{"@id":"https:\/\/aipraktikum.com\/#organization"},"potentialAction":[{"@type":"SearchAction","target":{"@type":"EntryPoint","urlTemplate":"https:\/\/aipraktikum.com\/?s={search_term_string}"},"query-input":{"@type":"PropertyValueSpecification","valueRequired":true,"valueName":"search_term_string"}}],"inLanguage":"en-GB"},{"@type":"Organization","@id":"https:\/\/aipraktikum.com\/#organization","name":"AI PRAKTIKUM","url":"https:\/\/aipraktikum.com\/","logo":{"@type":"ImageObject","inLanguage":"en-GB","@id":"https:\/\/aipraktikum.com\/#\/schema\/logo\/image\/","url":"https:\/\/aipraktikum.com\/2026\/wp-content\/uploads\/2025\/10\/cropped-AI-PRAKTIKUM-512-x-512-px.png","contentUrl":"https:\/\/aipraktikum.com\/2026\/wp-content\/uploads\/2025\/10\/cropped-AI-PRAKTIKUM-512-x-512-px.png","width":512,"height":512,"caption":"AI PRAKTIKUM"},"image":{"@id":"https:\/\/aipraktikum.com\/#\/schema\/logo\/image\/"},"sameAs":["https:\/\/www.tiktok.com\/@darkobilandzic"]}]}},"_links":{"self":[{"href":"https:\/\/aipraktikum.com\/en\/wp-json\/wp\/v2\/pages\/14853","targetHints":{"allow":["GET"]}}],"collection":[{"href":"https:\/\/aipraktikum.com\/en\/wp-json\/wp\/v2\/pages"}],"about":[{"href":"https:\/\/aipraktikum.com\/en\/wp-json\/wp\/v2\/types\/page"}],"author":[{"embeddable":true,"href":"https:\/\/aipraktikum.com\/en\/wp-json\/wp\/v2\/users\/1"}],"replies":[{"embeddable":true,"href":"https:\/\/aipraktikum.com\/en\/wp-json\/wp\/v2\/comments?post=14853"}],"version-history":[{"count":30,"href":"https:\/\/aipraktikum.com\/en\/wp-json\/wp\/v2\/pages\/14853\/revisions"}],"predecessor-version":[{"id":14894,"href":"https:\/\/aipraktikum.com\/en\/wp-json\/wp\/v2\/pages\/14853\/revisions\/14894"}],"wp:featuredmedia":[{"embeddable":true,"href":"https:\/\/aipraktikum.com\/en\/wp-json\/wp\/v2\/media\/14887"}],"wp:attachment":[{"href":"https:\/\/aipraktikum.com\/en\/wp-json\/wp\/v2\/media?parent=14853"}],"curies":[{"name":"wp","href":"https:\/\/api.w.org\/{rel}","templated":true}]}}