{"id":1996,"date":"2024-12-25T18:43:26","date_gmt":"2024-12-25T18:43:26","guid":{"rendered":"https:\/\/demo.artureanec.com\/themes\/aiero\/?page_id=1996"},"modified":"2024-12-25T18:43:26","modified_gmt":"2024-12-25T18:43:26","slug":"blog-classic","status":"publish","type":"page","link":"https:\/\/aipraktikum.com\/en\/blog-classic\/","title":{"rendered":"Blog Classic"},"content":{"rendered":"<div data-elementor-type=\"wp-page\" data-elementor-id=\"1996\" class=\"elementor elementor-1996\" data-elementor-post-type=\"page\">\n\t\t\t\t\t\t<section class=\"elementor-section elementor-top-section elementor-element elementor-element-ddd2308 elementor-section-boxed elementor-section-height-default elementor-section-height-default\" data-id=\"ddd2308\" data-element_type=\"section\" data-e-type=\"section\">\n\t\t\t\t\t\t<div class=\"elementor-container elementor-column-gap-default\">\n\t\t\t\t\t<div class=\"elementor-column elementor-col-100 elementor-top-column elementor-element elementor-element-7839f7d\" data-id=\"7839f7d\" data-element_type=\"column\" data-e-type=\"column\">\n\t\t\t<div class=\"elementor-widget-wrap elementor-element-populated\">\n\t\t\t\t\t\t<div class=\"elementor-element elementor-element-8763623 listing-pagination-border-style-gradient listing-pagination-background-style-gradient elementor-widget elementor-widget-aiero_blog_listing\" data-id=\"8763623\" data-element_type=\"widget\" data-e-type=\"widget\" data-widget_type=\"aiero_blog_listing.default\">\n\t\t\t\t<div class=\"elementor-widget-container\">\n\t\t\t\t\t\n        <div class=\"archive-listing\" data-ajax='{&quot;post_type&quot;:&quot;post&quot;,&quot;post_status&quot;:&quot;publish&quot;,&quot;posts_per_page&quot;:5,&quot;orderby&quot;:&quot;date&quot;,&quot;order&quot;:&quot;desc&quot;,&quot;paged&quot;:1,&quot;category_name&quot;:&quot;&quot;,&quot;tag&quot;:&quot;&quot;,&quot;post__in&quot;:&quot;&quot;,&quot;ignore_sticky_posts&quot;:false,&quot;link_base&quot;:&quot;https:\\\/\\\/aipraktikum.com\\\/en\\\/wp-json\\\/wp\\\/v2\\\/pages\\\/1996&quot;}' data-widget='{&quot;listing_type&quot;:&quot;classic&quot;,&quot;excerpt_length&quot;:190,&quot;show_cat&quot;:&quot;yes&quot;,&quot;show_media&quot;:&quot;yes&quot;,&quot;show_author&quot;:&quot;yes&quot;,&quot;show_date&quot;:&quot;yes&quot;,&quot;show_title&quot;:&quot;yes&quot;,&quot;show_tags&quot;:&quot;no&quot;,&quot;show_excerpt&quot;:&quot;yes&quot;,&quot;show_read_more&quot;:&quot;&quot;,&quot;read_more_text&quot;:&quot;Read More&quot;,&quot;columns_number&quot;:1,&quot;show_pagination&quot;:&quot;yes&quot;,&quot;item_class&quot;:&quot;post standard-blog-item-wrapper view-type-column&quot;,&quot;view_type&quot;:&quot;column&quot;}'>\n            <div class=\"archive-listing-wrapper classic-listing\">\n                \n<div class=\"standard-blog-item-wrapper post view-type-column post-15599 type-post status-publish format-standard has-post-thumbnail hentry category-uncategorized\">\n    <div class=\"blog-item\">\n        <div class=\"post-media-wrapper\"><a href=\"https:\/\/aipraktikum.com\/en\/ai-agenti-u-biznisu\/\"><picture><source media=\"(max-width: 575px)\" sizes=\"(max-width: 575px) 575px\" srcset=\"https:\/\/aipraktikum.com\/wp-content\/uploads\/2026\/04\/ai-agent-u-biznisu-575x274.jpg 575w\"><source media=\"(max-width: 991px)\" sizes=\"(max-width: 991px) 991px\" srcset=\"https:\/\/aipraktikum.com\/wp-content\/uploads\/2026\/04\/ai-agent-u-biznisu-991x472.jpg 991w\"><img decoding=\"async\" alt=\"AI agenti u biznisu \u2014 mali biznis i automatizacija\" title=\"AI agenti u biznisu \u2014 mali biznis i automatizacija\" src=\"https:\/\/aipraktikum.com\/wp-content\/uploads\/2026\/04\/ai-agent-u-biznisu-1340x638.jpg\" class=\"attachment-post-thumbnail size-post-thumbnail wp-post-image\" \/><\/picture><\/a><\/div><div class=\"post-meta-header\"><div class=\"post-meta-items-wrapper\"><div class=\"post-meta-items\"><div class=\"post-meta-item post-meta-item-date\"><a href=\"https:\/\/aipraktikum.com\/en\/2026\/04\/16\/\">April 16, 2026<\/a><\/div><div class=\"post-meta-item post-meta-item-author\"><a href=\"https:\/\/aipraktikum.com\/en\/author\/Dcreatos\/\">Darko Biland\u017ei\u0107<\/a><\/div><\/div><\/div><\/div><h3 class=\"post-title\"><a href=\"https:\/\/aipraktikum.com\/en\/ai-agenti-u-biznisu\/\">AI agenti u biznisu \u2014 mali biznis i automatizacija<\/a><\/h3><div class=\"post-content\">AI agenti u biznisu: za\u0161to 79% firmi jo\u0161 nije krenulo (i kako ti ne mora\u0161 biti u toj statistici) Svi pri\u010daju o AI agentima. Svaka druga objava na LinkedInu govori kako \u0107e &#8220;agenti <\/div><div class=\"post-labels\"><div class=\"post-categories\"><a class=\"post-category-item\" href=\"https:\/\/aipraktikum.com\/en\/category\/uncategorized\/\">Uncategorized<\/a><\/div><\/div>    <\/div>\n<\/div>\n<div class=\"standard-blog-item-wrapper post view-type-column post-15535 type-post status-publish format-standard has-post-thumbnail hentry category-ai\">\n    <div class=\"blog-item\">\n        <div class=\"post-media-wrapper\"><a href=\"https:\/\/aipraktikum.com\/en\/primjena-ai-alata-u-marketingu\/\"><picture><source media=\"(max-width: 575px)\" sizes=\"(max-width: 575px) 575px\" srcset=\"https:\/\/aipraktikum.com\/wp-content\/uploads\/2024\/12\/GC-8.4.2026-575x274.jpg 575w\"><source media=\"(max-width: 991px)\" sizes=\"(max-width: 991px) 991px\" srcset=\"https:\/\/aipraktikum.com\/wp-content\/uploads\/2024\/12\/GC-8.4.2026-991x472.jpg 991w\"><img decoding=\"async\" alt=\"AI Praktikum u Gospodarckom centru Osijek\" title=\"AI Praktikum u Gospodarckom centru Osijek\" src=\"https:\/\/aipraktikum.com\/wp-content\/uploads\/2024\/12\/GC-8.4.2026-1340x638.jpg\" class=\"attachment-post-thumbnail size-post-thumbnail wp-post-image\" \/><\/picture><\/a><\/div><div class=\"post-meta-header\"><div class=\"post-meta-items-wrapper\"><div class=\"post-meta-items\"><div class=\"post-meta-item post-meta-item-date\"><a href=\"https:\/\/aipraktikum.com\/en\/2026\/04\/09\/\">April 9, 2026<\/a><\/div><div class=\"post-meta-item post-meta-item-author\"><a href=\"https:\/\/aipraktikum.com\/en\/author\/Dcreatos\/\">Darko Biland\u017ei\u0107<\/a><\/div><\/div><\/div><\/div><h3 class=\"post-title\"><a href=\"https:\/\/aipraktikum.com\/en\/primjena-ai-alata-u-marketingu\/\">Primjena AI alata u marketingu &#8211; Osijek<\/a><\/h3><div class=\"post-content\">Ako misli\u0161 da tvoji klijenti, zaposlenici ili susjedi znaju \u0161to rade s AI alatima \u2014 pazi ovo. Ju\u010der sam bio gost Gospodarskog centra Osijek na predavanju koje je organizirala Osje\u010dko-b<\/div><div class=\"post-labels\"><div class=\"post-categories\"><a class=\"post-category-item\" href=\"https:\/\/aipraktikum.com\/en\/category\/ai\/\">AI<\/a><\/div><\/div>    <\/div>\n<\/div>\n<div class=\"standard-blog-item-wrapper post view-type-column post-15458 type-post status-publish format-standard has-post-thumbnail hentry category-ai\">\n    <div class=\"blog-item\">\n        <div class=\"post-media-wrapper\"><a href=\"https:\/\/aipraktikum.com\/en\/ako-procitati-poslovne-brojeve-chatgpt\/\"><picture><source media=\"(max-width: 575px)\" sizes=\"(max-width: 575px) 575px\" srcset=\"https:\/\/aipraktikum.com\/wp-content\/uploads\/2026\/03\/preview-575x274.webp 575w\"><source media=\"(max-width: 991px)\" sizes=\"(max-width: 991px) 991px\" srcset=\"https:\/\/aipraktikum.com\/wp-content\/uploads\/2026\/03\/preview-991x472.webp 991w\"><img decoding=\"async\" alt=\"Poduzetnik analizira poslovne podatke uz pomo\u0107 AI alata na digitalnim ekranima\" title=\"AI analiza podataka za poduzetnike\" src=\"https:\/\/aipraktikum.com\/wp-content\/uploads\/2026\/03\/preview-1340x638.webp\" class=\"attachment-post-thumbnail size-post-thumbnail wp-post-image\" \/><\/picture><\/a><\/div><div class=\"post-meta-header\"><div class=\"post-meta-items-wrapper\"><div class=\"post-meta-items\"><div class=\"post-meta-item post-meta-item-date\"><a href=\"https:\/\/aipraktikum.com\/en\/2026\/03\/18\/\">March 18, 2026<\/a><\/div><div class=\"post-meta-item post-meta-item-author\"><a href=\"https:\/\/aipraktikum.com\/en\/author\/Dcreatos\/\">Darko Biland\u017ei\u0107<\/a><\/div><\/div><\/div><\/div><h3 class=\"post-title\"><a href=\"https:\/\/aipraktikum.com\/en\/ako-procitati-poslovne-brojeve-chatgpt\/\">Kako uz AI pro\u010ditati svoje brojeve ako mrzi\u0161 Excel<\/a><\/h3><div class=\"post-content\">Ima\u0161 neku tablicu, recimo Excel ili Google SHeet (ja preferiram Google). Otvori\u0161 je. Gleda\u0161 u nju nekih 30 sekundi. Zatvori\u0161. Zvu\u010di poznato? Nisi jedini. Ve\u0107ina poduzetnika ima nekakav<\/div><div class=\"post-labels\"><div class=\"post-categories\"><a class=\"post-category-item\" href=\"https:\/\/aipraktikum.com\/en\/category\/ai\/\">AI<\/a><\/div><\/div>    <\/div>\n<\/div>\n<div class=\"standard-blog-item-wrapper post view-type-column post-15436 type-post status-publish format-standard has-post-thumbnail hentry category-ai\">\n    <div class=\"blog-item\">\n        <div class=\"post-media-wrapper\"><a href=\"https:\/\/aipraktikum.com\/en\/hoce-li-ai-uzeti-posao-anthropic-istrazivanje-2026\/\"><picture><source media=\"(max-width: 575px)\" sizes=\"(max-width: 575px) 575px\" srcset=\"https:\/\/aipraktikum.com\/wp-content\/uploads\/2026\/03\/darkobilandzic_an_image_of_young_adult_looking_at_the_compute_609c5c13-3af1-43fa-bb10-26e3c4c82c9d_0-575x274.jpg 575w\"><source media=\"(max-width: 991px)\" sizes=\"(max-width: 991px) 991px\" srcset=\"https:\/\/aipraktikum.com\/wp-content\/uploads\/2026\/03\/darkobilandzic_an_image_of_young_adult_looking_at_the_compute_609c5c13-3af1-43fa-bb10-26e3c4c82c9d_0-991x472.jpg 991w\"><img decoding=\"async\" alt=\"Ho\u0107e li mi AI uzeti posao?\" title=\"Ho\u0107e li mi AI uezti posao?\" src=\"https:\/\/aipraktikum.com\/wp-content\/uploads\/2026\/03\/darkobilandzic_an_image_of_young_adult_looking_at_the_compute_609c5c13-3af1-43fa-bb10-26e3c4c82c9d_0-1340x638.jpg\" class=\"attachment-post-thumbnail size-post-thumbnail wp-post-image\" \/><\/picture><\/a><\/div><div class=\"post-meta-header\"><div class=\"post-meta-items-wrapper\"><div class=\"post-meta-items\"><div class=\"post-meta-item post-meta-item-date\"><a href=\"https:\/\/aipraktikum.com\/en\/2026\/03\/11\/\">March 11, 2026<\/a><\/div><div class=\"post-meta-item post-meta-item-author\"><a href=\"https:\/\/aipraktikum.com\/en\/author\/Dcreatos\/\">Darko Biland\u017ei\u0107<\/a><\/div><\/div><\/div><\/div><h3 class=\"post-title\"><a href=\"https:\/\/aipraktikum.com\/en\/hoce-li-ai-uzeti-posao-anthropic-istrazivanje-2026\/\">Ho\u0107e li ti AI uzeti posao. Anthropic odgovorio<\/a><\/h3><div class=\"post-content\">Kratak odgovor: Zasada \u2014 ne. Barem ne masovno. Istra\u017eivanje Anthropica iz o\u017eujka 2026. pokazuje da AI jo\u0161 uvijek nije izazvao porast nezaposlenosti. Ali jedan signal upozorava: mladi ra<\/div><div class=\"post-labels\"><div class=\"post-categories\"><a class=\"post-category-item\" href=\"https:\/\/aipraktikum.com\/en\/category\/ai\/\">AI<\/a><\/div><\/div>    <\/div>\n<\/div>\n<div class=\"standard-blog-item-wrapper post view-type-column post-15425 type-post status-publish format-standard has-post-thumbnail hentry category-ai\">\n    <div class=\"blog-item\">\n        <div class=\"post-media-wrapper\"><a href=\"https:\/\/aipraktikum.com\/en\/sto-je-aq-i-zasto-je-vazniji-od-iq-i-eq\/\"><picture><source media=\"(max-width: 575px)\" sizes=\"(max-width: 575px) 575px\" srcset=\"https:\/\/aipraktikum.com\/wp-content\/uploads\/2026\/03\/ChatGPT-Image-Mar-5-2026-09_04_31-PM-575x274.jpg 575w\"><source media=\"(max-width: 991px)\" sizes=\"(max-width: 991px) 991px\" srcset=\"https:\/\/aipraktikum.com\/wp-content\/uploads\/2026\/03\/ChatGPT-Image-Mar-5-2026-09_04_31-PM-991x472.jpg 991w\"><img decoding=\"async\" alt=\"U doba umjetne inteligencije AQ je bitniji od IQ\" title=\"Razlika izme\u0111u AQ vs IQ vs EQ\" src=\"https:\/\/aipraktikum.com\/wp-content\/uploads\/2026\/03\/ChatGPT-Image-Mar-5-2026-09_04_31-PM-1340x638.jpg\" class=\"attachment-post-thumbnail size-post-thumbnail wp-post-image\" \/><\/picture><\/a><\/div><div class=\"post-meta-header\"><div class=\"post-meta-items-wrapper\"><div class=\"post-meta-items\"><div class=\"post-meta-item post-meta-item-date\"><a href=\"https:\/\/aipraktikum.com\/en\/2026\/03\/05\/\">March 5, 2026<\/a><\/div><div class=\"post-meta-item post-meta-item-author\"><a href=\"https:\/\/aipraktikum.com\/en\/author\/Dcreatos\/\">Darko Biland\u017ei\u0107<\/a><\/div><\/div><\/div><\/div><h3 class=\"post-title\"><a href=\"https:\/\/aipraktikum.com\/en\/sto-je-aq-i-zasto-je-vazniji-od-iq-i-eq\/\">\u0160to je AQ i za\u0161to je va\u017eniji od IQ i EQ<\/a><\/h3><div class=\"post-content\">AQ (Adaptability Quotient) je mjera tvoje sposobnosti prilagodbe promjenama \u2014 i to je vje\u0161tina koju AI ne mo\u017ee zamijeniti. Dok IQ mjeri intelekt, a EQ emocionalnu inteligenciju, AQ mjeri<\/div><div class=\"post-labels\"><div class=\"post-categories\"><a class=\"post-category-item\" href=\"https:\/\/aipraktikum.com\/en\/category\/ai\/\">AI<\/a><\/div><\/div>    <\/div>\n<\/div>            <\/div>\n\n            <div class=\"content-pagination\"><nav class=\"navigation pagination\" role=\"navigation\"><h2 class=\"screen-reader-text\">Pagination<\/h2><div class=\"nav-links\"><span aria-current=\"page\" class=\"page-numbers current\"><span class=\"button-inner\"><\/span>1<\/span>\n<a class=\"page-numbers\" href=\"https:\/\/aipraktikum.com\/en\/wp-json\/wp\/v2\/pages\/1996\/?8763623-paged=2\"><span class=\"button-inner\"><\/span>2<\/a>\n<a class=\"page-numbers\" href=\"https:\/\/aipraktikum.com\/en\/wp-json\/wp\/v2\/pages\/1996\/?8763623-paged=3\"><span class=\"button-inner\"><\/span>3<\/a>\n<span class=\"page-numbers dots\">&hellip;<\/span>\n<a class=\"page-numbers\" href=\"https:\/\/aipraktikum.com\/en\/wp-json\/wp\/v2\/pages\/1996\/?8763623-paged=6\"><span class=\"button-inner\"><\/span>6<\/a>\n<a class=\"page-numbers\" href=\"https:\/\/aipraktikum.com\/en\/wp-json\/wp\/v2\/pages\/1996\/?8763623-paged=7\"><span class=\"button-inner\"><\/span>7<\/a>\n<a class=\"next page-numbers\" href=\"https:\/\/aipraktikum.com\/en\/wp-json\/wp\/v2\/pages\/1996\/?8763623-paged=2\">Next<span class=\"button-inner\"><\/span><span class=\"icon-button-arrow\"><\/span><\/a><\/div><\/nav><\/div>        <\/div>\n        \t\t\t\t<\/div>\n\t\t\t\t<\/div>\n\t\t\t\t\t<\/div>\n\t\t<\/div>\n\t\t\t\t\t<\/div>\n\t\t<\/section>\n\t\t\t\t<\/div>","protected":false},"excerpt":{"rendered":"","protected":false},"author":1,"featured_media":0,"parent":0,"menu_order":0,"comment_status":"closed","ping_status":"closed","template":"","meta":{"_yoast_wpseo_focuskw":"","_yoast_wpseo_title":"","_yoast_wpseo_metadesc":"","footnotes":""},"class_list":["post-1996","page","type-page","status-publish","hentry"],"yoast_head":"<!-- This site is optimized with the Yoast SEO plugin v27.4 - https:\/\/yoast.com\/product\/yoast-seo-wordpress\/ -->\n<title>Blog Classic - AI PRAKTIKUM<\/title>\n<meta name=\"robots\" content=\"index, follow, max-snippet:-1, max-image-preview:large, max-video-preview:-1\" \/>\n<link rel=\"canonical\" href=\"https:\/\/aipraktikum.com\/en\/blog-classic\/\" \/>\n<meta property=\"og:locale\" content=\"en_GB\" \/>\n<meta property=\"og:type\" content=\"article\" \/>\n<meta property=\"og:title\" content=\"Blog Classic - AI PRAKTIKUM\" \/>\n<meta property=\"og:url\" content=\"https:\/\/aipraktikum.com\/en\/blog-classic\/\" \/>\n<meta property=\"og:site_name\" content=\"AI PRAKTIKUM\" \/>\n<meta property=\"og:image\" content=\"https:\/\/aipraktikum.com\/wp-content\/uploads\/2025\/10\/AI-PRAKTIKUM-social.png\" \/>\n\t<meta property=\"og:image:width\" content=\"1200\" \/>\n\t<meta property=\"og:image:height\" content=\"630\" \/>\n\t<meta property=\"og:image:type\" content=\"image\/png\" \/>\n<meta name=\"twitter:card\" content=\"summary_large_image\" \/>\n<script type=\"application\/ld+json\" class=\"yoast-schema-graph\">{\"@context\":\"https:\\\/\\\/schema.org\",\"@graph\":[{\"@type\":\"WebPage\",\"@id\":\"https:\\\/\\\/aipraktikum.com\\\/blog-classic\\\/\",\"url\":\"https:\\\/\\\/aipraktikum.com\\\/blog-classic\\\/\",\"name\":\"Blog Classic - AI PRAKTIKUM\",\"isPartOf\":{\"@id\":\"https:\\\/\\\/aipraktikum.com\\\/#website\"},\"datePublished\":\"2024-12-25T18:43:26+00:00\",\"breadcrumb\":{\"@id\":\"https:\\\/\\\/aipraktikum.com\\\/blog-classic\\\/#breadcrumb\"},\"inLanguage\":\"en-GB\",\"potentialAction\":[{\"@type\":\"ReadAction\",\"target\":[\"https:\\\/\\\/aipraktikum.com\\\/blog-classic\\\/\"]}]},{\"@type\":\"BreadcrumbList\",\"@id\":\"https:\\\/\\\/aipraktikum.com\\\/blog-classic\\\/#breadcrumb\",\"itemListElement\":[{\"@type\":\"ListItem\",\"position\":1,\"name\":\"AI\",\"item\":\"https:\\\/\\\/aipraktikum.com\\\/\"},{\"@type\":\"ListItem\",\"position\":2,\"name\":\"Blog Classic\"}]},{\"@type\":\"WebSite\",\"@id\":\"https:\\\/\\\/aipraktikum.com\\\/#website\",\"url\":\"https:\\\/\\\/aipraktikum.com\\\/\",\"name\":\"AI PRAKTIKUM\",\"description\":\"Umjetna inteligencija za poduzetnike\",\"publisher\":{\"@id\":\"https:\\\/\\\/aipraktikum.com\\\/#organization\"},\"potentialAction\":[{\"@type\":\"SearchAction\",\"target\":{\"@type\":\"EntryPoint\",\"urlTemplate\":\"https:\\\/\\\/aipraktikum.com\\\/?s={search_term_string}\"},\"query-input\":{\"@type\":\"PropertyValueSpecification\",\"valueRequired\":true,\"valueName\":\"search_term_string\"}}],\"inLanguage\":\"en-GB\"},{\"@type\":\"Organization\",\"@id\":\"https:\\\/\\\/aipraktikum.com\\\/#organization\",\"name\":\"AI PRAKTIKUM\",\"url\":\"https:\\\/\\\/aipraktikum.com\\\/\",\"logo\":{\"@type\":\"ImageObject\",\"inLanguage\":\"en-GB\",\"@id\":\"https:\\\/\\\/aipraktikum.com\\\/#\\\/schema\\\/logo\\\/image\\\/\",\"url\":\"https:\\\/\\\/aipraktikum.com\\\/2026\\\/wp-content\\\/uploads\\\/2025\\\/10\\\/cropped-AI-PRAKTIKUM-512-x-512-px.png\",\"contentUrl\":\"https:\\\/\\\/aipraktikum.com\\\/2026\\\/wp-content\\\/uploads\\\/2025\\\/10\\\/cropped-AI-PRAKTIKUM-512-x-512-px.png\",\"width\":512,\"height\":512,\"caption\":\"AI PRAKTIKUM\"},\"image\":{\"@id\":\"https:\\\/\\\/aipraktikum.com\\\/#\\\/schema\\\/logo\\\/image\\\/\"},\"sameAs\":[\"https:\\\/\\\/www.tiktok.com\\\/@darkobilandzic\"]}]}<\/script>\n<!-- \/ Yoast SEO plugin. -->","yoast_head_json":{"title":"Blog Classic - AI PRAKTIKUM","robots":{"index":"index","follow":"follow","max-snippet":"max-snippet:-1","max-image-preview":"max-image-preview:large","max-video-preview":"max-video-preview:-1"},"canonical":"https:\/\/aipraktikum.com\/en\/blog-classic\/","og_locale":"en_GB","og_type":"article","og_title":"Blog Classic - AI PRAKTIKUM","og_url":"https:\/\/aipraktikum.com\/en\/blog-classic\/","og_site_name":"AI PRAKTIKUM","og_image":[{"width":1200,"height":630,"url":"https:\/\/aipraktikum.com\/wp-content\/uploads\/2025\/10\/AI-PRAKTIKUM-social.png","type":"image\/png"}],"twitter_card":"summary_large_image","schema":{"@context":"https:\/\/schema.org","@graph":[{"@type":"WebPage","@id":"https:\/\/aipraktikum.com\/blog-classic\/","url":"https:\/\/aipraktikum.com\/blog-classic\/","name":"Blog Classic - AI PRAKTIKUM","isPartOf":{"@id":"https:\/\/aipraktikum.com\/#website"},"datePublished":"2024-12-25T18:43:26+00:00","breadcrumb":{"@id":"https:\/\/aipraktikum.com\/blog-classic\/#breadcrumb"},"inLanguage":"en-GB","potentialAction":[{"@type":"ReadAction","target":["https:\/\/aipraktikum.com\/blog-classic\/"]}]},{"@type":"BreadcrumbList","@id":"https:\/\/aipraktikum.com\/blog-classic\/#breadcrumb","itemListElement":[{"@type":"ListItem","position":1,"name":"AI","item":"https:\/\/aipraktikum.com\/"},{"@type":"ListItem","position":2,"name":"Blog Classic"}]},{"@type":"WebSite","@id":"https:\/\/aipraktikum.com\/#website","url":"https:\/\/aipraktikum.com\/","name":"AI PRAKTIKUM","description":"Umjetna inteligencija za poduzetnike","publisher":{"@id":"https:\/\/aipraktikum.com\/#organization"},"potentialAction":[{"@type":"SearchAction","target":{"@type":"EntryPoint","urlTemplate":"https:\/\/aipraktikum.com\/?s={search_term_string}"},"query-input":{"@type":"PropertyValueSpecification","valueRequired":true,"valueName":"search_term_string"}}],"inLanguage":"en-GB"},{"@type":"Organization","@id":"https:\/\/aipraktikum.com\/#organization","name":"AI PRAKTIKUM","url":"https:\/\/aipraktikum.com\/","logo":{"@type":"ImageObject","inLanguage":"en-GB","@id":"https:\/\/aipraktikum.com\/#\/schema\/logo\/image\/","url":"https:\/\/aipraktikum.com\/2026\/wp-content\/uploads\/2025\/10\/cropped-AI-PRAKTIKUM-512-x-512-px.png","contentUrl":"https:\/\/aipraktikum.com\/2026\/wp-content\/uploads\/2025\/10\/cropped-AI-PRAKTIKUM-512-x-512-px.png","width":512,"height":512,"caption":"AI PRAKTIKUM"},"image":{"@id":"https:\/\/aipraktikum.com\/#\/schema\/logo\/image\/"},"sameAs":["https:\/\/www.tiktok.com\/@darkobilandzic"]}]}},"_links":{"self":[{"href":"https:\/\/aipraktikum.com\/en\/wp-json\/wp\/v2\/pages\/1996","targetHints":{"allow":["GET"]}}],"collection":[{"href":"https:\/\/aipraktikum.com\/en\/wp-json\/wp\/v2\/pages"}],"about":[{"href":"https:\/\/aipraktikum.com\/en\/wp-json\/wp\/v2\/types\/page"}],"author":[{"embeddable":true,"href":"https:\/\/aipraktikum.com\/en\/wp-json\/wp\/v2\/users\/1"}],"replies":[{"embeddable":true,"href":"https:\/\/aipraktikum.com\/en\/wp-json\/wp\/v2\/comments?post=1996"}],"version-history":[{"count":0,"href":"https:\/\/aipraktikum.com\/en\/wp-json\/wp\/v2\/pages\/1996\/revisions"}],"wp:attachment":[{"href":"https:\/\/aipraktikum.com\/en\/wp-json\/wp\/v2\/media?parent=1996"}],"curies":[{"name":"wp","href":"https:\/\/api.w.org\/{rel}","templated":true}]}}